{"id":2465,"date":"2025-11-15T13:41:41","date_gmt":"2025-11-15T13:41:41","guid":{"rendered":"https:\/\/blue-cassowary-364249.hostingersite.com\/?page_id=2465"},"modified":"2025-12-01T16:20:23","modified_gmt":"2025-12-01T16:20:23","slug":"horarios","status":"publish","type":"page","link":"https:\/\/misioncristianaelimcolumbiasc.org\/en\/horarios\/","title":{"rendered":"Horarios"},"content":{"rendered":"<div data-elementor-type=\"wp-page\" data-elementor-id=\"2465\" class=\"elementor elementor-2465\">\n\t\t\t\t\t\t<section class=\"elementor-section elementor-top-section elementor-element elementor-element-83746e8 elementor-section-height-min-height elementor-section-boxed elementor-section-height-default elementor-section-items-middle\" data-id=\"83746e8\" data-element_type=\"section\" data-settings=\"{&quot;background_background&quot;:&quot;classic&quot;}\">\n\t\t\t\t\t\t\t<div class=\"elementor-background-overlay\"><\/div>\n\t\t\t\t\t\t\t<div class=\"elementor-container elementor-column-gap-default\">\n\t\t\t\t\t<div class=\"elementor-column elementor-col-100 elementor-top-column elementor-element elementor-element-09faee3\" data-id=\"09faee3\" data-element_type=\"column\">\n\t\t\t<div class=\"elementor-widget-wrap elementor-element-populated\">\n\t\t\t\t\t\t<div class=\"elementor-element elementor-element-c7152a9 elementor-widget elementor-widget-heading\" data-id=\"c7152a9\" data-element_type=\"widget\" data-widget_type=\"heading.default\">\n\t\t\t\t<div class=\"elementor-widget-container\">\n\t\t\t\t\t<h1 class=\"elementor-heading-title elementor-size-default\">Horarios<\/h1>\t\t\t\t<\/div>\n\t\t\t\t<\/div>\n\t\t\t\t\t<\/div>\n\t\t<\/div>\n\t\t\t\t\t<\/div>\n\t\t<\/section>\n\t\t\t\t<section class=\"elementor-section elementor-top-section elementor-element elementor-element-a92bf94 elementor-section-boxed elementor-section-height-default elementor-section-height-default\" data-id=\"a92bf94\" data-element_type=\"section\">\n\t\t\t\t\t\t<div class=\"elementor-container elementor-column-gap-default\">\n\t\t\t\t\t<div class=\"elementor-column elementor-col-50 elementor-top-column elementor-element elementor-element-f485586\" data-id=\"f485586\" data-element_type=\"column\">\n\t\t\t<div class=\"elementor-widget-wrap elementor-element-populated\">\n\t\t\t\t\t\t<div class=\"elementor-element elementor-element-b5d284b elementor-widget elementor-widget-image\" data-id=\"b5d284b\" data-element_type=\"widget\" data-widget_type=\"image.default\">\n\t\t\t\t<div class=\"elementor-widget-container\">\n\t\t\t\t\t\t\t\t\t\t\t\t\t\t\t<img fetchpriority=\"high\" decoding=\"async\" width=\"1080\" height=\"1350\" src=\"https:\/\/misioncristianaelimcolumbiasc.org\/wp-content\/uploads\/2025\/12\/1-min.jpg\" class=\"attachment-full size-full wp-image-2512\" alt=\"\" srcset=\"https:\/\/misioncristianaelimcolumbiasc.org\/wp-content\/uploads\/2025\/12\/1-min.jpg 1080w, https:\/\/misioncristianaelimcolumbiasc.org\/wp-content\/uploads\/2025\/12\/1-min-240x300.jpg 240w, https:\/\/misioncristianaelimcolumbiasc.org\/wp-content\/uploads\/2025\/12\/1-min-819x1024.jpg 819w, https:\/\/misioncristianaelimcolumbiasc.org\/wp-content\/uploads\/2025\/12\/1-min-768x960.jpg 768w, https:\/\/misioncristianaelimcolumbiasc.org\/wp-content\/uploads\/2025\/12\/1-min-10x12.jpg 10w\" sizes=\"(max-width: 1080px) 100vw, 1080px\" \/>\t\t\t\t\t\t\t\t\t\t\t\t\t\t\t<\/div>\n\t\t\t\t<\/div>\n\t\t\t\t\t<\/div>\n\t\t<\/div>\n\t\t\t\t<div class=\"elementor-column elementor-col-50 elementor-top-column elementor-element elementor-element-7d00c84\" data-id=\"7d00c84\" data-element_type=\"column\">\n\t\t\t<div class=\"elementor-widget-wrap elementor-element-populated\">\n\t\t\t\t\t\t<div class=\"elementor-element elementor-element-8ce1b85 elementor-widget elementor-widget-heading\" data-id=\"8ce1b85\" data-element_type=\"widget\" data-widget_type=\"heading.default\">\n\t\t\t\t<div class=\"elementor-widget-container\">\n\t\t\t\t\t<h4 class=\"elementor-heading-title elementor-size-default\">Servicio General<\/h4>\t\t\t\t<\/div>\n\t\t\t\t<\/div>\n\t\t\t\t<div class=\"elementor-element elementor-element-c31e03f elementor-widget elementor-widget-text-editor\" data-id=\"c31e03f\" data-element_type=\"widget\" data-widget_type=\"text-editor.default\">\n\t\t\t\t<div class=\"elementor-widget-container\">\n\t\t\t\t\t\t\t\t\t<p data-start=\"456\" data-end=\"482\"><strong data-start=\"456\" data-end=\"480\"> Domingo \u2013 1:30 pm<\/strong><\/p><ul data-start=\"483\" data-end=\"517\"><li data-start=\"483\" data-end=\"517\"><p data-start=\"485\" data-end=\"517\">Servicio general \/ Celebraci\u00f3n<\/p><\/li><\/ul>\t\t\t\t\t\t\t\t<\/div>\n\t\t\t\t<\/div>\n\t\t\t\t<div class=\"elementor-element elementor-element-6e85753 elementor-widget elementor-widget-button\" data-id=\"6e85753\" data-element_type=\"widget\" data-widget_type=\"button.default\">\n\t\t\t\t<div class=\"elementor-widget-container\">\n\t\t\t\t\t\t\t\t\t<div class=\"elementor-button-wrapper\">\n\t\t\t\t\t<a class=\"elementor-button elementor-button-link elementor-size-sm\" href=\"#\">\n\t\t\t\t\t\t<span class=\"elementor-button-content-wrapper\">\n\t\t\t\t\t\t\t\t\t<span class=\"elementor-button-text\">M\u00e1s Informaci\u00f3n<\/span>\n\t\t\t\t\t<\/span>\n\t\t\t\t\t<\/a>\n\t\t\t\t<\/div>\n\t\t\t\t\t\t\t\t<\/div>\n\t\t\t\t<\/div>\n\t\t\t\t\t<\/div>\n\t\t<\/div>\n\t\t\t\t\t<\/div>\n\t\t<\/section>\n\t\t\t\t<section class=\"elementor-section elementor-top-section elementor-element elementor-element-81b0575 elementor-section-boxed elementor-section-height-default elementor-section-height-default\" data-id=\"81b0575\" data-element_type=\"section\">\n\t\t\t\t\t\t<div class=\"elementor-container elementor-column-gap-default\">\n\t\t\t\t\t<div class=\"elementor-column elementor-col-50 elementor-top-column elementor-element elementor-element-15cfb90\" data-id=\"15cfb90\" data-element_type=\"column\">\n\t\t\t<div class=\"elementor-widget-wrap elementor-element-populated\">\n\t\t\t\t\t\t<div class=\"elementor-element elementor-element-a26d886 elementor-widget elementor-widget-image\" data-id=\"a26d886\" data-element_type=\"widget\" data-widget_type=\"image.default\">\n\t\t\t\t<div class=\"elementor-widget-container\">\n\t\t\t\t\t\t\t\t\t\t\t\t\t\t\t<img decoding=\"async\" width=\"1080\" height=\"1350\" src=\"https:\/\/misioncristianaelimcolumbiasc.org\/wp-content\/uploads\/2025\/12\/2-min.jpg\" class=\"attachment-full size-full wp-image-2513\" alt=\"\" srcset=\"https:\/\/misioncristianaelimcolumbiasc.org\/wp-content\/uploads\/2025\/12\/2-min.jpg 1080w, https:\/\/misioncristianaelimcolumbiasc.org\/wp-content\/uploads\/2025\/12\/2-min-240x300.jpg 240w, https:\/\/misioncristianaelimcolumbiasc.org\/wp-content\/uploads\/2025\/12\/2-min-819x1024.jpg 819w, https:\/\/misioncristianaelimcolumbiasc.org\/wp-content\/uploads\/2025\/12\/2-min-768x960.jpg 768w, https:\/\/misioncristianaelimcolumbiasc.org\/wp-content\/uploads\/2025\/12\/2-min-10x12.jpg 10w\" sizes=\"(max-width: 1080px) 100vw, 1080px\" \/>\t\t\t\t\t\t\t\t\t\t\t\t\t\t\t<\/div>\n\t\t\t\t<\/div>\n\t\t\t\t\t<\/div>\n\t\t<\/div>\n\t\t\t\t<div class=\"elementor-column elementor-col-50 elementor-top-column elementor-element elementor-element-97c09ce\" data-id=\"97c09ce\" data-element_type=\"column\">\n\t\t\t<div class=\"elementor-widget-wrap elementor-element-populated\">\n\t\t\t\t\t\t<div class=\"elementor-element elementor-element-cfc6530 elementor-widget elementor-widget-heading\" data-id=\"cfc6530\" data-element_type=\"widget\" data-widget_type=\"heading.default\">\n\t\t\t\t<div class=\"elementor-widget-container\">\n\t\t\t\t\t<h4 class=\"elementor-heading-title elementor-size-default\">Servicio de L\u00edderes<\/h4>\t\t\t\t<\/div>\n\t\t\t\t<\/div>\n\t\t\t\t<div class=\"elementor-element elementor-element-f06fcd5 elementor-widget elementor-widget-text-editor\" data-id=\"f06fcd5\" data-element_type=\"widget\" data-widget_type=\"text-editor.default\">\n\t\t\t\t<div class=\"elementor-widget-container\">\n\t\t\t\t\t\t\t\t\t<p data-start=\"519\" data-end=\"543\"><strong data-start=\"519\" data-end=\"541\">Lunes \u2013 8:00 pm<\/strong><\/p><ul data-start=\"544\" data-end=\"606\"><li data-start=\"544\" data-end=\"567\"><p data-start=\"546\" data-end=\"567\">Servicio de l\u00edderes<\/p><\/li><li data-start=\"568\" data-end=\"606\"><p data-start=\"570\" data-end=\"606\">Enfocado en <strong data-start=\"582\" data-end=\"606\">formaci\u00f3n de l\u00edderes<\/strong><\/p><\/li><\/ul>\t\t\t\t\t\t\t\t<\/div>\n\t\t\t\t<\/div>\n\t\t\t\t<div class=\"elementor-element elementor-element-57cdccd elementor-widget elementor-widget-button\" data-id=\"57cdccd\" data-element_type=\"widget\" data-widget_type=\"button.default\">\n\t\t\t\t<div class=\"elementor-widget-container\">\n\t\t\t\t\t\t\t\t\t<div class=\"elementor-button-wrapper\">\n\t\t\t\t\t<a class=\"elementor-button elementor-button-link elementor-size-sm\" href=\"#\">\n\t\t\t\t\t\t<span class=\"elementor-button-content-wrapper\">\n\t\t\t\t\t\t\t\t\t<span class=\"elementor-button-text\">M\u00e1s Informaci\u00f3n<\/span>\n\t\t\t\t\t<\/span>\n\t\t\t\t\t<\/a>\n\t\t\t\t<\/div>\n\t\t\t\t\t\t\t\t<\/div>\n\t\t\t\t<\/div>\n\t\t\t\t\t<\/div>\n\t\t<\/div>\n\t\t\t\t\t<\/div>\n\t\t<\/section>\n\t\t\t\t<section class=\"elementor-section elementor-top-section elementor-element elementor-element-f2400c1 elementor-section-boxed elementor-section-height-default elementor-section-height-default\" data-id=\"f2400c1\" data-element_type=\"section\">\n\t\t\t\t\t\t<div class=\"elementor-container elementor-column-gap-default\">\n\t\t\t\t\t<div class=\"elementor-column elementor-col-50 elementor-top-column elementor-element elementor-element-7609ad3\" data-id=\"7609ad3\" data-element_type=\"column\">\n\t\t\t<div class=\"elementor-widget-wrap elementor-element-populated\">\n\t\t\t\t\t\t<div class=\"elementor-element elementor-element-3dd6d97 elementor-widget elementor-widget-image\" data-id=\"3dd6d97\" data-element_type=\"widget\" data-widget_type=\"image.default\">\n\t\t\t\t<div class=\"elementor-widget-container\">\n\t\t\t\t\t\t\t\t\t\t\t\t\t\t\t<img decoding=\"async\" width=\"1080\" height=\"1350\" src=\"https:\/\/misioncristianaelimcolumbiasc.org\/wp-content\/uploads\/2025\/12\/3-min.jpg\" class=\"attachment-full size-full wp-image-2514\" alt=\"\" srcset=\"https:\/\/misioncristianaelimcolumbiasc.org\/wp-content\/uploads\/2025\/12\/3-min.jpg 1080w, https:\/\/misioncristianaelimcolumbiasc.org\/wp-content\/uploads\/2025\/12\/3-min-240x300.jpg 240w, https:\/\/misioncristianaelimcolumbiasc.org\/wp-content\/uploads\/2025\/12\/3-min-819x1024.jpg 819w, https:\/\/misioncristianaelimcolumbiasc.org\/wp-content\/uploads\/2025\/12\/3-min-768x960.jpg 768w, https:\/\/misioncristianaelimcolumbiasc.org\/wp-content\/uploads\/2025\/12\/3-min-10x12.jpg 10w\" sizes=\"(max-width: 1080px) 100vw, 1080px\" \/>\t\t\t\t\t\t\t\t\t\t\t\t\t\t\t<\/div>\n\t\t\t\t<\/div>\n\t\t\t\t\t<\/div>\n\t\t<\/div>\n\t\t\t\t<div class=\"elementor-column elementor-col-50 elementor-top-column elementor-element elementor-element-40bfc21\" data-id=\"40bfc21\" data-element_type=\"column\">\n\t\t\t<div class=\"elementor-widget-wrap elementor-element-populated\">\n\t\t\t\t\t\t<div class=\"elementor-element elementor-element-7cce840 elementor-widget elementor-widget-heading\" data-id=\"7cce840\" data-element_type=\"widget\" data-widget_type=\"heading.default\">\n\t\t\t\t<div class=\"elementor-widget-container\">\n\t\t\t\t\t<h4 class=\"elementor-heading-title elementor-size-default\">Reuni\u00f3n de Hogares<\/h4>\t\t\t\t<\/div>\n\t\t\t\t<\/div>\n\t\t\t\t<div class=\"elementor-element elementor-element-18dff64 elementor-widget elementor-widget-text-editor\" data-id=\"18dff64\" data-element_type=\"widget\" data-widget_type=\"text-editor.default\">\n\t\t\t\t<div class=\"elementor-widget-container\">\n\t\t\t\t\t\t\t\t\t<p data-start=\"608\" data-end=\"636\"><strong data-start=\"608\" data-end=\"634\">Mi\u00e9rcoles \u2013 8:00 pm<\/strong><\/p><ul data-start=\"637\" data-end=\"723\"><li data-start=\"637\" data-end=\"694\"><p data-start=\"639\" data-end=\"694\">C\u00e9lula de planificaci\u00f3n para las reuniones del s\u00e1bado<\/p><\/li><li data-start=\"695\" data-end=\"723\"><p data-start=\"697\" data-end=\"723\"><strong data-start=\"697\" data-end=\"723\">Reuni\u00f3n en los hogares<\/strong><\/p><\/li><\/ul>\t\t\t\t\t\t\t\t<\/div>\n\t\t\t\t<\/div>\n\t\t\t\t<div class=\"elementor-element elementor-element-39e0e69 elementor-widget elementor-widget-button\" data-id=\"39e0e69\" data-element_type=\"widget\" data-widget_type=\"button.default\">\n\t\t\t\t<div class=\"elementor-widget-container\">\n\t\t\t\t\t\t\t\t\t<div class=\"elementor-button-wrapper\">\n\t\t\t\t\t<a class=\"elementor-button elementor-button-link elementor-size-sm\" href=\"#\">\n\t\t\t\t\t\t<span class=\"elementor-button-content-wrapper\">\n\t\t\t\t\t\t\t\t\t<span class=\"elementor-button-text\">M\u00e1s Informaci\u00f3n<\/span>\n\t\t\t\t\t<\/span>\n\t\t\t\t\t<\/a>\n\t\t\t\t<\/div>\n\t\t\t\t\t\t\t\t<\/div>\n\t\t\t\t<\/div>\n\t\t\t\t\t<\/div>\n\t\t<\/div>\n\t\t\t\t\t<\/div>\n\t\t<\/section>\n\t\t\t\t<section class=\"elementor-section elementor-top-section elementor-element elementor-element-3fe7dbd elementor-section-boxed elementor-section-height-default elementor-section-height-default\" data-id=\"3fe7dbd\" data-element_type=\"section\">\n\t\t\t\t\t\t<div class=\"elementor-container elementor-column-gap-default\">\n\t\t\t\t\t<div class=\"elementor-column elementor-col-50 elementor-top-column elementor-element elementor-element-78a8e1d\" data-id=\"78a8e1d\" data-element_type=\"column\">\n\t\t\t<div class=\"elementor-widget-wrap elementor-element-populated\">\n\t\t\t\t\t\t<div class=\"elementor-element elementor-element-2a10d0d elementor-widget elementor-widget-image\" data-id=\"2a10d0d\" data-element_type=\"widget\" data-widget_type=\"image.default\">\n\t\t\t\t<div class=\"elementor-widget-container\">\n\t\t\t\t\t\t\t\t\t\t\t\t\t\t\t<img loading=\"lazy\" decoding=\"async\" width=\"1080\" height=\"1350\" src=\"https:\/\/misioncristianaelimcolumbiasc.org\/wp-content\/uploads\/2025\/12\/4-min.jpg\" class=\"attachment-full size-full wp-image-2515\" alt=\"\" srcset=\"https:\/\/misioncristianaelimcolumbiasc.org\/wp-content\/uploads\/2025\/12\/4-min.jpg 1080w, https:\/\/misioncristianaelimcolumbiasc.org\/wp-content\/uploads\/2025\/12\/4-min-240x300.jpg 240w, https:\/\/misioncristianaelimcolumbiasc.org\/wp-content\/uploads\/2025\/12\/4-min-819x1024.jpg 819w, https:\/\/misioncristianaelimcolumbiasc.org\/wp-content\/uploads\/2025\/12\/4-min-768x960.jpg 768w, https:\/\/misioncristianaelimcolumbiasc.org\/wp-content\/uploads\/2025\/12\/4-min-10x12.jpg 10w\" sizes=\"(max-width: 1080px) 100vw, 1080px\" \/>\t\t\t\t\t\t\t\t\t\t\t\t\t\t\t<\/div>\n\t\t\t\t<\/div>\n\t\t\t\t\t<\/div>\n\t\t<\/div>\n\t\t\t\t<div class=\"elementor-column elementor-col-50 elementor-top-column elementor-element elementor-element-73d9aa4\" data-id=\"73d9aa4\" data-element_type=\"column\">\n\t\t\t<div class=\"elementor-widget-wrap elementor-element-populated\">\n\t\t\t\t\t\t<div class=\"elementor-element elementor-element-7648805 elementor-widget elementor-widget-heading\" data-id=\"7648805\" data-element_type=\"widget\" data-widget_type=\"heading.default\">\n\t\t\t\t<div class=\"elementor-widget-container\">\n\t\t\t\t\t<h4 class=\"elementor-heading-title elementor-size-default\">Ministerio de C\u00e9lulas<\/h4>\t\t\t\t<\/div>\n\t\t\t\t<\/div>\n\t\t\t\t<div class=\"elementor-element elementor-element-6c74eed elementor-widget elementor-widget-text-editor\" data-id=\"6c74eed\" data-element_type=\"widget\" data-widget_type=\"text-editor.default\">\n\t\t\t\t<div class=\"elementor-widget-container\">\n\t\t\t\t\t\t\t\t\t<p data-start=\"332\" data-end=\"357\"><strong data-start=\"332\" data-end=\"355\">S\u00e1bado \u2013 8:00 pm<\/strong><\/p><ul data-start=\"358\" data-end=\"454\"><li data-start=\"358\" data-end=\"425\"><p data-start=\"360\" data-end=\"425\">Reuni\u00f3n de familiares o <strong data-start=\"384\" data-end=\"423\">c\u00e9lulas de adultos, j\u00f3venes y ni\u00f1os<\/strong><\/p><\/li><li data-start=\"426\" data-end=\"454\"><p data-start=\"428\" data-end=\"454\"><strong data-start=\"428\" data-end=\"454\">Reuni\u00f3n en los hogares<\/strong><\/p><\/li><\/ul>\t\t\t\t\t\t\t\t<\/div>\n\t\t\t\t<\/div>\n\t\t\t\t<div class=\"elementor-element elementor-element-1d7ecc0 elementor-widget elementor-widget-button\" data-id=\"1d7ecc0\" data-element_type=\"widget\" data-widget_type=\"button.default\">\n\t\t\t\t<div class=\"elementor-widget-container\">\n\t\t\t\t\t\t\t\t\t<div class=\"elementor-button-wrapper\">\n\t\t\t\t\t<a class=\"elementor-button elementor-button-link elementor-size-sm\" href=\"#\">\n\t\t\t\t\t\t<span class=\"elementor-button-content-wrapper\">\n\t\t\t\t\t\t\t\t\t<span class=\"elementor-button-text\">M\u00e1s Informaci\u00f3n<\/span>\n\t\t\t\t\t<\/span>\n\t\t\t\t\t<\/a>\n\t\t\t\t<\/div>\n\t\t\t\t\t\t\t\t<\/div>\n\t\t\t\t<\/div>\n\t\t\t\t\t<\/div>\n\t\t<\/div>\n\t\t\t\t\t<\/div>\n\t\t<\/section>\n\t\t\t\t<section class=\"elementor-section elementor-top-section elementor-element elementor-element-b6186b4 elementor-section-boxed elementor-section-height-default elementor-section-height-default\" data-id=\"b6186b4\" data-element_type=\"section\" data-settings=\"{&quot;background_background&quot;:&quot;classic&quot;}\">\n\t\t\t\t\t\t<div class=\"elementor-container elementor-column-gap-default\">\n\t\t\t\t\t<div class=\"elementor-column elementor-col-50 elementor-top-column elementor-element elementor-element-82668e3\" data-id=\"82668e3\" data-element_type=\"column\">\n\t\t\t<div class=\"elementor-widget-wrap elementor-element-populated\">\n\t\t\t\t\t\t<div class=\"elementor-element elementor-element-2449e1e elementor-widget elementor-widget-heading\" data-id=\"2449e1e\" data-element_type=\"widget\" data-widget_type=\"heading.default\">\n\t\t\t\t<div class=\"elementor-widget-container\">\n\t\t\t\t\t<h4 class=\"elementor-heading-title elementor-size-default\">\u00a1Bienvenido!<\/h4>\t\t\t\t<\/div>\n\t\t\t\t<\/div>\n\t\t\t\t<div class=\"elementor-element elementor-element-0d78433 elementor-widget elementor-widget-text-editor\" data-id=\"0d78433\" data-element_type=\"widget\" data-widget_type=\"text-editor.default\">\n\t\t\t\t<div class=\"elementor-widget-container\">\n\t\t\t\t\t\t\t\t\t<p class=\"p1\">Con gran gozo te damos la bienvenida a nuestra iglesia.<br data-start=\"2248\" data-end=\"2251\" \/>Desde que Dios nos llam\u00f3 a servir en Columbia, hemos visto Su mano restaurando corazones, uniendo familias y levantando una nueva generaci\u00f3n apasionada por Jes\u00fas.<\/p><p class=\"p1\">Si llegas hoy a Misi\u00f3n Cristiana Elim Internacional, queremos que sepas que este es un <strong data-start=\"2503\" data-end=\"2537\">lugar de esperanza y prop\u00f3sito<\/strong>.<\/p><p class=\"p1\">\u00a1Te esperamos con los brazos abiertos!<strong data-start=\"2582\" data-end=\"2605\">Con amor en Cristo,<\/strong><br data-start=\"2605\" data-end=\"2608\" \/><em data-start=\"2608\" data-end=\"2639\">Pastores Donald y Elva Puquir<\/em><\/p>\t\t\t\t\t\t\t\t<\/div>\n\t\t\t\t<\/div>\n\t\t\t\t\t<\/div>\n\t\t<\/div>\n\t\t\t\t<div class=\"elementor-column elementor-col-50 elementor-top-column elementor-element elementor-element-a1b4c52\" data-id=\"a1b4c52\" data-element_type=\"column\">\n\t\t\t<div class=\"elementor-widget-wrap elementor-element-populated\">\n\t\t\t\t\t\t<div class=\"elementor-element elementor-element-de5440c elementor-widget elementor-widget-image\" data-id=\"de5440c\" data-element_type=\"widget\" data-widget_type=\"image.default\">\n\t\t\t\t<div class=\"elementor-widget-container\">\n\t\t\t\t\t\t\t\t\t\t\t\t\t\t\t<img loading=\"lazy\" decoding=\"async\" width=\"512\" height=\"512\" src=\"https:\/\/misioncristianaelimcolumbiasc.org\/wp-content\/uploads\/2025\/12\/pastorelimround.png\" class=\"attachment-large size-large wp-image-2517\" alt=\"\" srcset=\"https:\/\/misioncristianaelimcolumbiasc.org\/wp-content\/uploads\/2025\/12\/pastorelimround.png 512w, https:\/\/misioncristianaelimcolumbiasc.org\/wp-content\/uploads\/2025\/12\/pastorelimround-300x300.png 300w, https:\/\/misioncristianaelimcolumbiasc.org\/wp-content\/uploads\/2025\/12\/pastorelimround-150x150.png 150w, https:\/\/misioncristianaelimcolumbiasc.org\/wp-content\/uploads\/2025\/12\/pastorelimround-12x12.png 12w\" sizes=\"(max-width: 512px) 100vw, 512px\" \/>\t\t\t\t\t\t\t\t\t\t\t\t\t\t\t<\/div>\n\t\t\t\t<\/div>\n\t\t\t\t\t<\/div>\n\t\t<\/div>\n\t\t\t\t\t<\/div>\n\t\t<\/section>\n\t\t\t\t<\/div>","protected":false},"excerpt":{"rendered":"<p>Horarios Servicio General Domingo \u2013 1:30 pm Servicio general \/ Celebraci\u00f3n M\u00e1s Informaci\u00f3n Servicio de L\u00edderes Lunes \u2013 8:00 pm Servicio de l\u00edderes Enfocado en formaci\u00f3n de l\u00edderes M\u00e1s Informaci\u00f3n Reuni\u00f3n de Hogares Mi\u00e9rcoles \u2013 8:00 pm C\u00e9lula de planificaci\u00f3n para las reuniones del s\u00e1bado Reuni\u00f3n en los hogares M\u00e1s Informaci\u00f3n Ministerio de C\u00e9lulas S\u00e1bado [&hellip;]<\/p>","protected":false},"author":1,"featured_media":0,"parent":0,"menu_order":0,"comment_status":"closed","ping_status":"closed","template":"","meta":{"site-sidebar-layout":"no-sidebar","site-content-layout":"page-builder","ast-site-content-layout":"full-width-container","site-content-style":"unboxed","site-sidebar-style":"unboxed","ast-global-header-display":"","ast-banner-title-visibility":"","ast-main-header-display":"","ast-hfb-above-header-display":"","ast-hfb-below-header-display":"","ast-hfb-mobile-header-display":"","site-post-title":"disabled","ast-breadcrumbs-content":"","ast-featured-img":"disabled","footer-sml-layout":"","ast-disable-related-posts":"","theme-transparent-header-meta":"enabled","adv-header-id-meta":"","stick-header-meta":"","header-above-stick-meta":"","header-main-stick-meta":"","header-below-stick-meta":"","astra-migrate-meta-layouts":"set","ast-page-background-enabled":"default","ast-page-background-meta":{"desktop":{"background-color":"","background-image":"","background-repeat":"repeat","background-position":"center center","background-size":"auto","background-attachment":"scroll","background-type":"","background-media":"","overlay-type":"","overlay-color":"","overlay-opacity":"","overlay-gradient":""},"tablet":{"background-color":"","background-image":"","background-repeat":"repeat","background-position":"center center","background-size":"auto","background-attachment":"scroll","background-type":"","background-media":"","overlay-type":"","overlay-color":"","overlay-opacity":"","overlay-gradient":""},"mobile":{"background-color":"","background-image":"","background-repeat":"repeat","background-position":"center center","background-size":"auto","background-attachment":"scroll","background-type":"","background-media":"","overlay-type":"","overlay-color":"","overlay-opacity":"","overlay-gradient":""}},"ast-content-background-meta":{"desktop":{"background-color":"var(--ast-global-color-5)","background-image":"","background-repeat":"repeat","background-position":"center center","background-size":"auto","background-attachment":"scroll","background-type":"","background-media":"","overlay-type":"","overlay-color":"","overlay-opacity":"","overlay-gradient":""},"tablet":{"background-color":"var(--ast-global-color-5)","background-image":"","background-repeat":"repeat","background-position":"center center","background-size":"auto","background-attachment":"scroll","background-type":"","background-media":"","overlay-type":"","overlay-color":"","overlay-opacity":"","overlay-gradient":""},"mobile":{"background-color":"var(--ast-global-color-5)","background-image":"","background-repeat":"repeat","background-position":"center center","background-size":"auto","background-attachment":"scroll","background-type":"","background-media":"","overlay-type":"","overlay-color":"","overlay-opacity":"","overlay-gradient":""}},"footnotes":""},"class_list":["post-2465","page","type-page","status-publish","hentry"],"aioseo_notices":[],"_links":{"self":[{"href":"https:\/\/misioncristianaelimcolumbiasc.org\/en\/wp-json\/wp\/v2\/pages\/2465","targetHints":{"allow":["GET"]}}],"collection":[{"href":"https:\/\/misioncristianaelimcolumbiasc.org\/en\/wp-json\/wp\/v2\/pages"}],"about":[{"href":"https:\/\/misioncristianaelimcolumbiasc.org\/en\/wp-json\/wp\/v2\/types\/page"}],"author":[{"embeddable":true,"href":"https:\/\/misioncristianaelimcolumbiasc.org\/en\/wp-json\/wp\/v2\/users\/1"}],"replies":[{"embeddable":true,"href":"https:\/\/misioncristianaelimcolumbiasc.org\/en\/wp-json\/wp\/v2\/comments?post=2465"}],"version-history":[{"count":8,"href":"https:\/\/misioncristianaelimcolumbiasc.org\/en\/wp-json\/wp\/v2\/pages\/2465\/revisions"}],"predecessor-version":[{"id":2553,"href":"https:\/\/misioncristianaelimcolumbiasc.org\/en\/wp-json\/wp\/v2\/pages\/2465\/revisions\/2553"}],"wp:attachment":[{"href":"https:\/\/misioncristianaelimcolumbiasc.org\/en\/wp-json\/wp\/v2\/media?parent=2465"}],"curies":[{"name":"wp","href":"https:\/\/api.w.org\/{rel}","templated":true}]}}