{"id":1481,"date":"2023-07-16T01:15:50","date_gmt":"2023-07-16T01:15:50","guid":{"rendered":"https:\/\/blue-cassowary-364249.hostingersite.com\/?page_id=1481"},"modified":"2025-12-01T16:16:51","modified_gmt":"2025-12-01T16:16:51","slug":"plan-your-visit","status":"publish","type":"page","link":"https:\/\/misioncristianaelimcolumbiasc.org\/es\/plan-your-visit\/","title":{"rendered":"Bienvenido"},"content":{"rendered":"\t\t<div data-elementor-type=\"wp-page\" data-elementor-id=\"1481\" class=\"elementor elementor-1481\">\n\t\t\t\t\t\t<section class=\"elementor-section elementor-top-section elementor-element elementor-element-6713cc3 elementor-section-height-min-height elementor-section-boxed elementor-section-height-default elementor-section-items-middle\" data-id=\"6713cc3\" data-element_type=\"section\" data-settings=\"{&quot;background_background&quot;:&quot;classic&quot;}\">\n\t\t\t\t\t\t\t<div class=\"elementor-background-overlay\"><\/div>\n\t\t\t\t\t\t\t<div class=\"elementor-container elementor-column-gap-default\">\n\t\t\t\t\t<div class=\"elementor-column elementor-col-100 elementor-top-column elementor-element elementor-element-ddcf7e8\" data-id=\"ddcf7e8\" data-element_type=\"column\">\n\t\t\t<div class=\"elementor-widget-wrap elementor-element-populated\">\n\t\t\t\t\t\t<div class=\"elementor-element elementor-element-9654805 elementor-widget elementor-widget-heading\" data-id=\"9654805\" data-element_type=\"widget\" data-widget_type=\"heading.default\">\n\t\t\t\t<div class=\"elementor-widget-container\">\n\t\t\t\t\t<h1 class=\"elementor-heading-title elementor-size-default\">Planifica tu Visita<\/h1>\t\t\t\t<\/div>\n\t\t\t\t<\/div>\n\t\t\t\t\t<\/div>\n\t\t<\/div>\n\t\t\t\t\t<\/div>\n\t\t<\/section>\n\t\t\t\t<section class=\"elementor-section elementor-top-section elementor-element elementor-element-510cecb elementor-section-boxed elementor-section-height-default elementor-section-height-default\" data-id=\"510cecb\" data-element_type=\"section\">\n\t\t\t\t\t\t<div class=\"elementor-container elementor-column-gap-default\">\n\t\t\t\t\t<div class=\"elementor-column elementor-col-100 elementor-top-column elementor-element elementor-element-a668dfb\" data-id=\"a668dfb\" data-element_type=\"column\">\n\t\t\t<div class=\"elementor-widget-wrap elementor-element-populated\">\n\t\t\t\t\t\t<div class=\"elementor-element elementor-element-32761b0 elementor-widget elementor-widget-spacer\" data-id=\"32761b0\" data-element_type=\"widget\" data-widget_type=\"spacer.default\">\n\t\t\t\t<div class=\"elementor-widget-container\">\n\t\t\t\t\t\t\t<div class=\"elementor-spacer\">\n\t\t\t<div class=\"elementor-spacer-inner\"><\/div>\n\t\t<\/div>\n\t\t\t\t\t\t<\/div>\n\t\t\t\t<\/div>\n\t\t\t\t\t<\/div>\n\t\t<\/div>\n\t\t\t\t\t<\/div>\n\t\t<\/section>\n\t\t\t\t<section class=\"elementor-section elementor-top-section elementor-element elementor-element-bced3b7 elementor-section-boxed elementor-section-height-default elementor-section-height-default\" data-id=\"bced3b7\" data-element_type=\"section\">\n\t\t\t\t\t\t<div class=\"elementor-container elementor-column-gap-default\">\n\t\t\t\t\t<div class=\"elementor-column elementor-col-100 elementor-top-column elementor-element elementor-element-b381e37\" data-id=\"b381e37\" data-element_type=\"column\">\n\t\t\t<div class=\"elementor-widget-wrap elementor-element-populated\">\n\t\t\t\t\t\t<div class=\"elementor-element elementor-element-1506722 elementor-widget elementor-widget-heading\" data-id=\"1506722\" data-element_type=\"widget\" data-widget_type=\"heading.default\">\n\t\t\t\t<div class=\"elementor-widget-container\">\n\t\t\t\t\t<h4 class=\"elementor-heading-title elementor-size-default\">\u00a1Bienvenido a Misi\u00f3n Cristiana Elim Internacional!<\/h4>\t\t\t\t<\/div>\n\t\t\t\t<\/div>\n\t\t\t\t<section class=\"elementor-section elementor-inner-section elementor-element elementor-element-ecf8869 elementor-section-boxed elementor-section-height-default elementor-section-height-default\" data-id=\"ecf8869\" data-element_type=\"section\">\n\t\t\t\t\t\t<div class=\"elementor-container elementor-column-gap-default\">\n\t\t\t\t\t<div class=\"elementor-column elementor-col-50 elementor-inner-column elementor-element elementor-element-6495a05\" data-id=\"6495a05\" data-element_type=\"column\">\n\t\t\t<div class=\"elementor-widget-wrap elementor-element-populated\">\n\t\t\t\t\t\t<div class=\"elementor-element elementor-element-cc8ab16 elementor-widget elementor-widget-text-editor\" data-id=\"cc8ab16\" data-element_type=\"widget\" data-widget_type=\"text-editor.default\">\n\t\t\t\t<div class=\"elementor-widget-container\">\n\t\t\t\t\t\t\t\t\t<p data-start=\"1446\" data-end=\"1538\">\ud83d\udccd <strong data-start=\"1449\" data-end=\"1463\">Direcci\u00f3n:<\/strong> 530 St Andrews Road, Columbia, South Carolina, 29210<br data-start=\"1516\" data-end=\"1519\" \/>\ud83d\udcc5 <strong data-start=\"1522\" data-end=\"1536\">Servicios:<\/strong><\/p><ul data-start=\"1539\" data-end=\"1853\"><li data-start=\"1539\" data-end=\"1626\"><p data-start=\"1541\" data-end=\"1626\"><strong data-start=\"1541\" data-end=\"1553\">Viernes:<\/strong> 7:30\u20138:00 pm (Oraci\u00f3n) | 8:00\u20138:40 pm (Adoraci\u00f3n) | 8:40 pm (Doctrina)<\/p><\/li><li data-start=\"1627\" data-end=\"1684\"><p data-start=\"1629\" data-end=\"1684\"><strong data-start=\"1629\" data-end=\"1640\">S\u00e1bado:<\/strong> 8:00 pm (C\u00e9lulas familiares \u2013 en hogares)<\/p><\/li><li data-start=\"1685\" data-end=\"1742\"><p data-start=\"1687\" data-end=\"1742\"><strong data-start=\"1687\" data-end=\"1699\">Domingo:<\/strong> 1:30 pm (Servicio general \/ Celebraci\u00f3n)<\/p><\/li><li data-start=\"1743\" data-end=\"1788\"><p data-start=\"1745\" data-end=\"1788\"><strong data-start=\"1745\" data-end=\"1755\">Lunes:<\/strong> 8:00 pm (Formaci\u00f3n de l\u00edderes)<\/p><\/li><li data-start=\"1789\" data-end=\"1853\"><p data-start=\"1791\" data-end=\"1853\"><strong data-start=\"1791\" data-end=\"1805\">Mi\u00e9rcoles:<\/strong> 8:00 pm (Planificaci\u00f3n de c\u00e9lulas \u2013 en hogares)<\/p><\/li><\/ul><p data-start=\"1855\" data-end=\"2025\">\ud83d\udcde <strong data-start=\"1858\" data-end=\"1871\">Tel\u00e9fono:<\/strong> 678 768 4625<br data-start=\"1884\" data-end=\"1887\" \/>\ud83d\udce7 <strong data-start=\"1890\" data-end=\"1901\">Correo:<\/strong>\u00a0<br data-start=\"1926\" data-end=\"1929\" \/>\ud83d\udcac <strong data-start=\"1932\" data-end=\"1945\">S\u00edguenos:<\/strong> <a class=\"decorated-link\" href=\"https:\/\/www.facebook.com\/elim.southcarolina.5\" target=\"_new\" rel=\"noopener\" data-start=\"1946\" data-end=\"2025\">Facebook \u2013 Elim South Carolina<\/a><\/p>\t\t\t\t\t\t\t\t<\/div>\n\t\t\t\t<\/div>\n\t\t\t\t\t<\/div>\n\t\t<\/div>\n\t\t\t\t<div class=\"elementor-column elementor-col-50 elementor-inner-column elementor-element elementor-element-104115e\" data-id=\"104115e\" data-element_type=\"column\">\n\t\t\t<div class=\"elementor-widget-wrap elementor-element-populated\">\n\t\t\t\t\t\t<div class=\"elementor-element elementor-element-85b643d elementor-widget elementor-widget-image\" data-id=\"85b643d\" data-element_type=\"widget\" data-widget_type=\"image.default\">\n\t\t\t\t<div class=\"elementor-widget-container\">\n\t\t\t\t\t\t\t\t\t\t\t\t\t\t\t<img fetchpriority=\"high\" decoding=\"async\" width=\"644\" height=\"483\" src=\"https:\/\/misioncristianaelimcolumbiasc.org\/wp-content\/uploads\/2025\/12\/plan.jpg\" class=\"attachment-large size-large wp-image-2537\" alt=\"\" srcset=\"https:\/\/misioncristianaelimcolumbiasc.org\/wp-content\/uploads\/2025\/12\/plan.jpg 644w, https:\/\/misioncristianaelimcolumbiasc.org\/wp-content\/uploads\/2025\/12\/plan-300x225.jpg 300w, https:\/\/misioncristianaelimcolumbiasc.org\/wp-content\/uploads\/2025\/12\/plan-16x12.jpg 16w\" sizes=\"(max-width: 644px) 100vw, 644px\" \/>\t\t\t\t\t\t\t\t\t\t\t\t\t\t\t<\/div>\n\t\t\t\t<\/div>\n\t\t\t\t\t<\/div>\n\t\t<\/div>\n\t\t\t\t\t<\/div>\n\t\t<\/section>\n\t\t\t\t\t<\/div>\n\t\t<\/div>\n\t\t\t\t\t<\/div>\n\t\t<\/section>\n\t\t\t\t<section class=\"elementor-section elementor-top-section elementor-element elementor-element-3d17eea elementor-section-boxed elementor-section-height-default elementor-section-height-default\" data-id=\"3d17eea\" data-element_type=\"section\" data-settings=\"{&quot;background_background&quot;:&quot;classic&quot;}\">\n\t\t\t\t\t\t<div class=\"elementor-container elementor-column-gap-default\">\n\t\t\t\t\t<div class=\"elementor-column elementor-col-100 elementor-top-column elementor-element elementor-element-daba57a\" data-id=\"daba57a\" data-element_type=\"column\">\n\t\t\t<div class=\"elementor-widget-wrap elementor-element-populated\">\n\t\t\t\t\t\t<div class=\"elementor-element elementor-element-93a1b2e elementor-widget elementor-widget-heading\" data-id=\"93a1b2e\" data-element_type=\"widget\" data-widget_type=\"heading.default\">\n\t\t\t\t<div class=\"elementor-widget-container\">\n\t\t\t\t\t<h4 class=\"elementor-heading-title elementor-size-default\">Nuestros Ministerios<\/h4>\t\t\t\t<\/div>\n\t\t\t\t<\/div>\n\t\t\t\t<div class=\"elementor-element elementor-element-0ed16f0 elementor-arrows-position-inside elementor-pagination-position-outside elementor-widget elementor-widget-image-carousel\" data-id=\"0ed16f0\" data-element_type=\"widget\" data-settings=\"{&quot;image_spacing_custom&quot;:{&quot;unit&quot;:&quot;px&quot;,&quot;size&quot;:1,&quot;sizes&quot;:[]},&quot;navigation&quot;:&quot;both&quot;,&quot;autoplay&quot;:&quot;yes&quot;,&quot;pause_on_hover&quot;:&quot;yes&quot;,&quot;pause_on_interaction&quot;:&quot;yes&quot;,&quot;autoplay_speed&quot;:5000,&quot;infinite&quot;:&quot;yes&quot;,&quot;speed&quot;:500,&quot;image_spacing_custom_tablet&quot;:{&quot;unit&quot;:&quot;px&quot;,&quot;size&quot;:&quot;&quot;,&quot;sizes&quot;:[]},&quot;image_spacing_custom_mobile&quot;:{&quot;unit&quot;:&quot;px&quot;,&quot;size&quot;:&quot;&quot;,&quot;sizes&quot;:[]}}\" data-widget_type=\"image-carousel.default\">\n\t\t\t\t<div class=\"elementor-widget-container\">\n\t\t\t\t\t\t\t<div class=\"elementor-image-carousel-wrapper swiper\" role=\"region\" aria-roledescription=\"carousel\" aria-label=\"Carrusel de im\u00e1genes\" dir=\"ltr\">\n\t\t\t<div class=\"elementor-image-carousel swiper-wrapper\" aria-live=\"off\">\n\t\t\t\t\t\t\t\t<div class=\"swiper-slide\" role=\"group\" aria-roledescription=\"slide\" aria-label=\"1 de 4\"><a data-elementor-open-lightbox=\"yes\" data-elementor-lightbox-slideshow=\"0ed16f0\" data-elementor-lightbox-title=\"14-min (3)\" data-e-action-hash=\"#elementor-action%3Aaction%3Dlightbox%26settings%3DeyJpZCI6MjM5MCwidXJsIjoiaHR0cHM6XC9cL21pc2lvbmNyaXN0aWFuYWVsaW1jb2x1bWJpYXNjLm9yZ1wvd3AtY29udGVudFwvdXBsb2Fkc1wvMjAyNVwvMTFcLzE0LW1pbi0zLmpwZyIsInNsaWRlc2hvdyI6IjBlZDE2ZjAifQ%3D%3D\" href=\"\/ministerios\/\"><figure class=\"swiper-slide-inner\"><img decoding=\"async\" class=\"swiper-slide-image\" src=\"https:\/\/misioncristianaelimcolumbiasc.org\/wp-content\/uploads\/2025\/11\/14-min-3.jpg\" alt=\"14-min (3)\" \/><\/figure><\/a><\/div><div class=\"swiper-slide\" role=\"group\" aria-roledescription=\"slide\" aria-label=\"2 de 4\"><a data-elementor-open-lightbox=\"yes\" data-elementor-lightbox-slideshow=\"0ed16f0\" data-elementor-lightbox-title=\"15-min (1)\" data-e-action-hash=\"#elementor-action%3Aaction%3Dlightbox%26settings%3DeyJpZCI6MjM4OSwidXJsIjoiaHR0cHM6XC9cL21pc2lvbmNyaXN0aWFuYWVsaW1jb2x1bWJpYXNjLm9yZ1wvd3AtY29udGVudFwvdXBsb2Fkc1wvMjAyNVwvMTFcLzE1LW1pbi0xLmpwZyIsInNsaWRlc2hvdyI6IjBlZDE2ZjAifQ%3D%3D\" href=\"\/ministerios\/\"><figure class=\"swiper-slide-inner\"><img decoding=\"async\" class=\"swiper-slide-image\" src=\"https:\/\/misioncristianaelimcolumbiasc.org\/wp-content\/uploads\/2025\/11\/15-min-1.jpg\" alt=\"15-min (1)\" \/><\/figure><\/a><\/div><div class=\"swiper-slide\" role=\"group\" aria-roledescription=\"slide\" aria-label=\"3 de 4\"><a data-elementor-open-lightbox=\"yes\" data-elementor-lightbox-slideshow=\"0ed16f0\" data-elementor-lightbox-title=\"16-min (1)\" data-e-action-hash=\"#elementor-action%3Aaction%3Dlightbox%26settings%3DeyJpZCI6MjM4OCwidXJsIjoiaHR0cHM6XC9cL21pc2lvbmNyaXN0aWFuYWVsaW1jb2x1bWJpYXNjLm9yZ1wvd3AtY29udGVudFwvdXBsb2Fkc1wvMjAyNVwvMTFcLzE2LW1pbi0xLmpwZyIsInNsaWRlc2hvdyI6IjBlZDE2ZjAifQ%3D%3D\" href=\"\/ministerios\/\"><figure class=\"swiper-slide-inner\"><img decoding=\"async\" class=\"swiper-slide-image\" src=\"https:\/\/misioncristianaelimcolumbiasc.org\/wp-content\/uploads\/2025\/11\/16-min-1.jpg\" alt=\"16-min (1)\" \/><\/figure><\/a><\/div><div class=\"swiper-slide\" role=\"group\" aria-roledescription=\"slide\" aria-label=\"4 de 4\"><a data-elementor-open-lightbox=\"yes\" data-elementor-lightbox-slideshow=\"0ed16f0\" data-elementor-lightbox-title=\"17-min (2)\" data-e-action-hash=\"#elementor-action%3Aaction%3Dlightbox%26settings%3DeyJpZCI6MjM4NywidXJsIjoiaHR0cHM6XC9cL21pc2lvbmNyaXN0aWFuYWVsaW1jb2x1bWJpYXNjLm9yZ1wvd3AtY29udGVudFwvdXBsb2Fkc1wvMjAyNVwvMTFcLzE3LW1pbi0yLmpwZyIsInNsaWRlc2hvdyI6IjBlZDE2ZjAifQ%3D%3D\" href=\"\/ministerios\/\"><figure class=\"swiper-slide-inner\"><img decoding=\"async\" class=\"swiper-slide-image\" src=\"https:\/\/misioncristianaelimcolumbiasc.org\/wp-content\/uploads\/2025\/11\/17-min-2.jpg\" alt=\"17-min (2)\" \/><\/figure><\/a><\/div>\t\t\t<\/div>\n\t\t\t\t\t\t\t\t\t\t\t\t<div class=\"elementor-swiper-button elementor-swiper-button-prev\" role=\"button\" tabindex=\"0\">\n\t\t\t\t\t\t<i aria-hidden=\"true\" class=\"eicon-chevron-left\"><\/i>\t\t\t\t\t<\/div>\n\t\t\t\t\t<div class=\"elementor-swiper-button elementor-swiper-button-next\" role=\"button\" tabindex=\"0\">\n\t\t\t\t\t\t<i aria-hidden=\"true\" class=\"eicon-chevron-right\"><\/i>\t\t\t\t\t<\/div>\n\t\t\t\t\n\t\t\t\t\t\t\t\t\t<div class=\"swiper-pagination\"><\/div>\n\t\t\t\t\t\t\t\t\t<\/div>\n\t\t\t\t\t\t<\/div>\n\t\t\t\t<\/div>\n\t\t\t\t\t<\/div>\n\t\t<\/div>\n\t\t\t\t\t<\/div>\n\t\t<\/section>\n\t\t\t\t<\/div>\n\t\t","protected":false},"excerpt":{"rendered":"<p>Planifica tu Visita \u00a1Bienvenido a Misi\u00f3n Cristiana Elim Internacional! \ud83d\udccd Direcci\u00f3n: 530 St Andrews Road, Columbia, South Carolina, 29210\ud83d\udcc5 Servicios: Viernes: 7:30\u20138:00 pm (Oraci\u00f3n) | 8:00\u20138:40 pm (Adoraci\u00f3n) | 8:40 pm (Doctrina) S\u00e1bado: 8:00 pm (C\u00e9lulas familiares \u2013 en hogares) Domingo: 1:30 pm (Servicio general \/ Celebraci\u00f3n) Lunes: 8:00 pm (Formaci\u00f3n de l\u00edderes) Mi\u00e9rcoles: 8:00 [&hellip;]<\/p>\n","protected":false},"author":1,"featured_media":0,"parent":0,"menu_order":0,"comment_status":"closed","ping_status":"closed","template":"","meta":{"site-sidebar-layout":"no-sidebar","site-content-layout":"page-builder","ast-site-content-layout":"full-width-container","site-content-style":"unboxed","site-sidebar-style":"unboxed","ast-global-header-display":"","ast-banner-title-visibility":"","ast-main-header-display":"","ast-hfb-above-header-display":"","ast-hfb-below-header-display":"","ast-hfb-mobile-header-display":"","site-post-title":"disabled","ast-breadcrumbs-content":"","ast-featured-img":"disabled","footer-sml-layout":"","ast-disable-related-posts":"","theme-transparent-header-meta":"enabled","adv-header-id-meta":"","stick-header-meta":"","header-above-stick-meta":"","header-main-stick-meta":"","header-below-stick-meta":"","astra-migrate-meta-layouts":"set","ast-page-background-enabled":"default","ast-page-background-meta":{"desktop":{"background-color":"","background-image":"","background-repeat":"repeat","background-position":"center center","background-size":"auto","background-attachment":"scroll","background-type":"","background-media":"","overlay-type":"","overlay-color":"","overlay-opacity":"","overlay-gradient":""},"tablet":{"background-color":"","background-image":"","background-repeat":"repeat","background-position":"center center","background-size":"auto","background-attachment":"scroll","background-type":"","background-media":"","overlay-type":"","overlay-color":"","overlay-opacity":"","overlay-gradient":""},"mobile":{"background-color":"","background-image":"","background-repeat":"repeat","background-position":"center center","background-size":"auto","background-attachment":"scroll","background-type":"","background-media":"","overlay-type":"","overlay-color":"","overlay-opacity":"","overlay-gradient":""}},"ast-content-background-meta":{"desktop":{"background-color":"var(--ast-global-color-5)","background-image":"","background-repeat":"repeat","background-position":"center center","background-size":"auto","background-attachment":"scroll","background-type":"","background-media":"","overlay-type":"","overlay-color":"","overlay-opacity":"","overlay-gradient":""},"tablet":{"background-color":"var(--ast-global-color-5)","background-image":"","background-repeat":"repeat","background-position":"center center","background-size":"auto","background-attachment":"scroll","background-type":"","background-media":"","overlay-type":"","overlay-color":"","overlay-opacity":"","overlay-gradient":""},"mobile":{"background-color":"var(--ast-global-color-5)","background-image":"","background-repeat":"repeat","background-position":"center center","background-size":"auto","background-attachment":"scroll","background-type":"","background-media":"","overlay-type":"","overlay-color":"","overlay-opacity":"","overlay-gradient":""}},"footnotes":""},"class_list":["post-1481","page","type-page","status-publish","hentry"],"aioseo_notices":[],"_links":{"self":[{"href":"https:\/\/misioncristianaelimcolumbiasc.org\/es\/wp-json\/wp\/v2\/pages\/1481","targetHints":{"allow":["GET"]}}],"collection":[{"href":"https:\/\/misioncristianaelimcolumbiasc.org\/es\/wp-json\/wp\/v2\/pages"}],"about":[{"href":"https:\/\/misioncristianaelimcolumbiasc.org\/es\/wp-json\/wp\/v2\/types\/page"}],"author":[{"embeddable":true,"href":"https:\/\/misioncristianaelimcolumbiasc.org\/es\/wp-json\/wp\/v2\/users\/1"}],"replies":[{"embeddable":true,"href":"https:\/\/misioncristianaelimcolumbiasc.org\/es\/wp-json\/wp\/v2\/comments?post=1481"}],"version-history":[{"count":31,"href":"https:\/\/misioncristianaelimcolumbiasc.org\/es\/wp-json\/wp\/v2\/pages\/1481\/revisions"}],"predecessor-version":[{"id":2549,"href":"https:\/\/misioncristianaelimcolumbiasc.org\/es\/wp-json\/wp\/v2\/pages\/1481\/revisions\/2549"}],"wp:attachment":[{"href":"https:\/\/misioncristianaelimcolumbiasc.org\/es\/wp-json\/wp\/v2\/media?parent=1481"}],"curies":[{"name":"wp","href":"https:\/\/api.w.org\/{rel}","templated":true}]}}